{"id":986,"date":"2022-05-25T10:32:03","date_gmt":"2022-05-25T08:32:03","guid":{"rendered":"https:\/\/musik.express\/?page_id=986"},"modified":"2022-05-25T10:32:03","modified_gmt":"2022-05-25T08:32:03","slug":"das-fassadengemaelde-als-digitaler-erlebnisraum","status":"publish","type":"page","link":"http:\/\/musik.express\/?page_id=986","title":{"rendered":"Das Fassadengem\u00e4lde als digitaler Erlebnisraum"},"content":{"rendered":"\n<figure class=\"wp-block-image size-large\"><a href=\"playlist.musik.express\"><img loading=\"lazy\" decoding=\"async\" width=\"1024\" height=\"576\" src=\"http:\/\/musik.express\/wp-content\/uploads\/2022\/05\/Teil-2-1-1024x576.png\" alt=\"\" class=\"wp-image-988\" srcset=\"http:\/\/musik.express\/wp-content\/uploads\/2022\/05\/Teil-2-1-1024x576.png 1024w, http:\/\/musik.express\/wp-content\/uploads\/2022\/05\/Teil-2-1-300x169.png 300w, http:\/\/musik.express\/wp-content\/uploads\/2022\/05\/Teil-2-1-768x432.png 768w, http:\/\/musik.express\/wp-content\/uploads\/2022\/05\/Teil-2-1-500x281.png 500w, http:\/\/musik.express\/wp-content\/uploads\/2022\/05\/Teil-2-1.png 1280w\" sizes=\"auto, (max-width: 1024px) 100vw, 1024px\" \/><\/a><figcaption>Angelika Walter f\u00fchrt durch den Musikexpress<\/figcaption><\/figure>\n\n\n\n<p>Die digitale F\u00fchrung ist eine Reihe von Videos, die jeweils ein Detail des Bildes thematisieren und Motivwahl, Interpretationsans\u00e4tze, wahrnehmungspsychologische und kunstgeschichtliche Aspekte erkl\u00e4ren, unterlegt von Klangskulpturen mit musikalischen Zitaten aus dem Gem\u00e4lde. So entstand ein virtueller Kunst- und Klangraum, in dem auch die realen Ger\u00e4usche der fahrenden Z\u00fcge erlebbar werden. Die K\u00fcnstlerin stellt in den Videos pers\u00f6nlich ihr Werk vor.<\/p>\n\n\n\n<p>Hier geht es direkt zur Playlist mit allen Videos:<\/p>\n\n\n\n<figure class=\"wp-block-embed is-type-video is-provider-youtube wp-block-embed-youtube wp-embed-aspect-16-9 wp-has-aspect-ratio\"><div class=\"wp-block-embed__wrapper\">\n<iframe loading=\"lazy\" title=\"Der Musikexpress - Ein Fassadengem\u00e4lde als digitaler Erlebnisraum\" width=\"584\" height=\"329\" src=\"https:\/\/www.youtube.com\/embed\/videoseries?list=PLHjVeQKo5MkDp32CKSEFXYS67Z4LnCY7v\" frameborder=\"0\" allow=\"accelerometer; autoplay; clipboard-write; encrypted-media; gyroscope; picture-in-picture; web-share\" referrerpolicy=\"strict-origin-when-cross-origin\" allowfullscreen><\/iframe>\n<\/div><\/figure>\n\n\n\n<p>Das Projekt entstand gef\u00f6rdert mit Mitteln des Landes Niedersachsen auf Beschluss des Nieders\u00e4chsischen Landtages.<\/p>\n\n\n\n<div class=\"wp-block-columns is-layout-flex wp-container-core-columns-is-layout-9d6595d7 wp-block-columns-is-layout-flex\">\n<div class=\"wp-block-column is-layout-flow wp-block-column-is-layout-flow\">\n<figure class=\"wp-block-image size-large\"><a href=\"http:\/\/musik.express\/wp-content\/uploads\/2022\/05\/MWK-Wappen-CMYK_1200-Pixel-1.jpg\"><img loading=\"lazy\" decoding=\"async\" width=\"1024\" height=\"171\" src=\"http:\/\/musik.express\/wp-content\/uploads\/2022\/05\/MWK-Wappen-CMYK_1200-Pixel-1-1024x171.jpg\" alt=\"\" class=\"wp-image-989\" srcset=\"http:\/\/musik.express\/wp-content\/uploads\/2022\/05\/MWK-Wappen-CMYK_1200-Pixel-1-1024x171.jpg 1024w, http:\/\/musik.express\/wp-content\/uploads\/2022\/05\/MWK-Wappen-CMYK_1200-Pixel-1-300x50.jpg 300w, http:\/\/musik.express\/wp-content\/uploads\/2022\/05\/MWK-Wappen-CMYK_1200-Pixel-1-768x128.jpg 768w, http:\/\/musik.express\/wp-content\/uploads\/2022\/05\/MWK-Wappen-CMYK_1200-Pixel-1-500x83.jpg 500w, http:\/\/musik.express\/wp-content\/uploads\/2022\/05\/MWK-Wappen-CMYK_1200-Pixel-1.jpg 1200w\" sizes=\"auto, (max-width: 1024px) 100vw, 1024px\" \/><\/a><\/figure>\n<\/div>\n\n\n\n<div class=\"wp-block-column is-layout-flow wp-block-column-is-layout-flow\">\n<figure class=\"wp-block-image size-full\"><a href=\"http:\/\/musik.express\/wp-content\/uploads\/2022\/05\/Logo-N.-dreht-auf-RGB-klein-09.20-1.png\"><img loading=\"lazy\" decoding=\"async\" width=\"188\" height=\"45\" src=\"http:\/\/musik.express\/wp-content\/uploads\/2022\/05\/Logo-N.-dreht-auf-RGB-klein-09.20-1.png\" alt=\"\" class=\"wp-image-990\"\/><\/a><\/figure>\n<\/div>\n<\/div>\n\n\n\n<div class=\"wp-block-columns is-layout-flex wp-container-core-columns-is-layout-9d6595d7 wp-block-columns-is-layout-flex\">\n<div class=\"wp-block-column is-layout-flow wp-block-column-is-layout-flow\" style=\"flex-basis:100%\"><\/div>\n<\/div>\n\n\n\n<div class=\"wp-block-columns is-layout-flex wp-container-core-columns-is-layout-9d6595d7 wp-block-columns-is-layout-flex\">\n<div class=\"wp-block-column is-layout-flow wp-block-column-is-layout-flow\" style=\"flex-basis:100%\">\n<div class=\"wp-block-columns is-layout-flex wp-container-core-columns-is-layout-9d6595d7 wp-block-columns-is-layout-flex\">\n<div class=\"wp-block-column is-layout-flow wp-block-column-is-layout-flow\" style=\"flex-basis:100%\"><\/div>\n<\/div>\n<\/div>\n<\/div>\n\n\n\n<p><\/p>\n","protected":false},"excerpt":{"rendered":"<p>Die digitale F\u00fchrung ist eine Reihe von Videos, die jeweils ein Detail des Bildes thematisieren und Motivwahl, Interpretationsans\u00e4tze, wahrnehmungspsychologische und kunstgeschichtliche Aspekte erkl\u00e4ren, unterlegt von Klangskulpturen mit musikalischen Zitaten aus dem Gem\u00e4lde. So entstand ein virtueller Kunst- und Klangraum, in &hellip; <a href=\"http:\/\/musik.express\/?page_id=986\">Weiterlesen <span class=\"meta-nav\">&rarr;<\/span><\/a><\/p>\n","protected":false},"author":1,"featured_media":0,"parent":0,"menu_order":0,"comment_status":"closed","ping_status":"closed","template":"","meta":{"footnotes":""},"class_list":["post-986","page","type-page","status-publish","hentry"],"_links":{"self":[{"href":"http:\/\/musik.express\/index.php?rest_route=\/wp\/v2\/pages\/986","targetHints":{"allow":["GET"]}}],"collection":[{"href":"http:\/\/musik.express\/index.php?rest_route=\/wp\/v2\/pages"}],"about":[{"href":"http:\/\/musik.express\/index.php?rest_route=\/wp\/v2\/types\/page"}],"author":[{"embeddable":true,"href":"http:\/\/musik.express\/index.php?rest_route=\/wp\/v2\/users\/1"}],"replies":[{"embeddable":true,"href":"http:\/\/musik.express\/index.php?rest_route=%2Fwp%2Fv2%2Fcomments&post=986"}],"version-history":[{"count":2,"href":"http:\/\/musik.express\/index.php?rest_route=\/wp\/v2\/pages\/986\/revisions"}],"predecessor-version":[{"id":992,"href":"http:\/\/musik.express\/index.php?rest_route=\/wp\/v2\/pages\/986\/revisions\/992"}],"wp:attachment":[{"href":"http:\/\/musik.express\/index.php?rest_route=%2Fwp%2Fv2%2Fmedia&parent=986"}],"curies":[{"name":"wp","href":"https:\/\/api.w.org\/{rel}","templated":true}]}}