{"id":24,"date":"2011-05-19T13:06:26","date_gmt":"2011-05-19T11:06:26","guid":{"rendered":"http:\/\/musik.express\/?page_id=24"},"modified":"2011-09-19T18:03:43","modified_gmt":"2011-09-19T16:03:43","slug":"forderer","status":"publish","type":"page","link":"http:\/\/musik.express\/?page_id=24","title":{"rendered":"F\u00f6rderer"},"content":{"rendered":"<a title=\"Die Seiten der Stadt Osnabr\u00fcck\" href=\"http:\/\/www.stadt-osnabrueck.de\" target=\"_blank\"><img loading=\"lazy\" decoding=\"async\" class=\"alignnone size-full wp-image-26\" title=\"Die Seiten der Stadt Osnabr\u00fcck\" src=\"http:\/\/musik.express\/wp-content\/uploads\/2011\/05\/osnabrueck.png\" alt=\"\" width=\"190\" height=\"58\" \/><\/a>\r\n\r\nDas Projekt f\u00fcr von der <a title=\"Die Seiten der Stadt Osnabr\u00fcck\" href=\"http:\/\/www.stadt-osnabr\u00fcck.de\" target=\"_blank\">Stadt Osnabr\u00fcck<\/a> im Rahmen einer Projektf\u00f6rderung unterst\u00fctzt.\r\n\r\n<a title=\"Die Kontaktseite der B\u00fcrgerstiftung\" href=\"http:\/\/www.buergerstiftung-osnabrueck.de\/index.php?page=kontakt\" target=\"_blank\"><img loading=\"lazy\" decoding=\"async\" class=\"alignnone size-full wp-image-25\" title=\"Die Kontaktseite der B\u00fcrgerstiftung\" src=\"http:\/\/musik.express\/wp-content\/uploads\/2011\/05\/buergerst.png\" alt=\"\" width=\"287\" height=\"188\" \/><\/a>\r\n\r\nDas Spendenkonto wird von der <a title=\"Die Kontaktseite der B\u00fcrgerstiftung\" href=\"http:\/\/www.buergerstiftung-osnabrueck.de\/index.php?page=kontakt\" target=\"_blank\">B\u00fcrgerstiftung Osnabr\u00fcck<\/a> verwaltet.\r\n\r\nIn den beiden Bildern sind Logos oder Namen von Sponsoren und F\u00f6rderern des Projektes zu finden:\r\n\r\n\n\t\t<style type=\"text\/css\">\n\t\t\t#gallery-1 {\n\t\t\t\tmargin: auto;\n\t\t\t}\n\t\t\t#gallery-1 .gallery-item {\n\t\t\t\tfloat: left;\n\t\t\t\tmargin-top: 10px;\n\t\t\t\ttext-align: center;\n\t\t\t\twidth: 33%;\n\t\t\t}\n\t\t\t#gallery-1 img {\n\t\t\t\tborder: 2px solid #cfcfcf;\n\t\t\t}\n\t\t\t#gallery-1 .gallery-caption {\n\t\t\t\tmargin-left: 0;\n\t\t\t}\n\t\t\t\/* see gallery_shortcode() in wp-includes\/media.php *\/\n\t\t<\/style>\n\t\t<div id='gallery-1' class='gallery galleryid-24 gallery-columns-3 gallery-size-thumbnail'><dl class='gallery-item'>\n\t\t\t<dt class='gallery-icon landscape'>\n\t\t\t\t<a href='http:\/\/musik.express\/wp-content\/uploads\/2011\/05\/Giro-Live.jpg'><img loading=\"lazy\" decoding=\"async\" width=\"150\" height=\"150\" src=\"http:\/\/musik.express\/wp-content\/uploads\/2011\/05\/Giro-Live-150x150.jpg\" class=\"attachment-thumbnail size-thumbnail\" alt=\"\" \/><\/a>\n\t\t\t<\/dt><\/dl><dl class='gallery-item'>\n\t\t\t<dt class='gallery-icon landscape'>\n\t\t\t\t<a href='http:\/\/musik.express\/wp-content\/uploads\/2011\/05\/Bambus.jpg'><img loading=\"lazy\" decoding=\"async\" width=\"150\" height=\"150\" src=\"http:\/\/musik.express\/wp-content\/uploads\/2011\/05\/Bambus-150x150.jpg\" class=\"attachment-thumbnail size-thumbnail\" alt=\"\" \/><\/a>\n\t\t\t<\/dt><\/dl><dl class='gallery-item'>\n\t\t\t<dt class='gallery-icon landscape'>\n\t\t\t\t<a href='http:\/\/musik.express\/wp-content\/uploads\/2011\/05\/Brinkhof.jpg'><img loading=\"lazy\" decoding=\"async\" width=\"150\" height=\"150\" src=\"http:\/\/musik.express\/wp-content\/uploads\/2011\/05\/Brinkhof-150x150.jpg\" class=\"attachment-thumbnail size-thumbnail\" alt=\"\" \/><\/a>\n\t\t\t<\/dt><\/dl><br style=\"clear: both\" \/><dl class='gallery-item'>\n\t\t\t<dt class='gallery-icon landscape'>\n\t\t\t\t<a href='http:\/\/musik.express\/wp-content\/uploads\/2011\/05\/Pantomime-Pomorin.jpg'><img loading=\"lazy\" decoding=\"async\" width=\"150\" height=\"150\" src=\"http:\/\/musik.express\/wp-content\/uploads\/2011\/05\/Pantomime-Pomorin-150x150.jpg\" class=\"attachment-thumbnail size-thumbnail\" alt=\"\" \/><\/a>\n\t\t\t<\/dt><\/dl><dl class='gallery-item'>\n\t\t\t<dt class='gallery-icon landscape'>\n\t\t\t\t<a href='http:\/\/musik.express\/wp-content\/uploads\/2011\/05\/Avermann.jpg'><img loading=\"lazy\" decoding=\"async\" width=\"150\" height=\"150\" src=\"http:\/\/musik.express\/wp-content\/uploads\/2011\/05\/Avermann-150x150.jpg\" class=\"attachment-thumbnail size-thumbnail\" alt=\"\" \/><\/a>\n\t\t\t<\/dt><\/dl><dl class='gallery-item'>\n\t\t\t<dt class='gallery-icon landscape'>\n\t\t\t\t<a href='http:\/\/musik.express\/wp-content\/uploads\/2011\/05\/Vogelsang-1.jpg'><img loading=\"lazy\" decoding=\"async\" width=\"150\" height=\"150\" src=\"http:\/\/musik.express\/wp-content\/uploads\/2011\/05\/Vogelsang-1-150x150.jpg\" class=\"attachment-thumbnail size-thumbnail\" alt=\"\" \/><\/a>\n\t\t\t<\/dt><\/dl><br style=\"clear: both\" \/><dl class='gallery-item'>\n\t\t\t<dt class='gallery-icon landscape'>\n\t\t\t\t<a href='http:\/\/musik.express\/wp-content\/uploads\/2011\/05\/Wessels-und-M\u00fcller.jpg'><img loading=\"lazy\" decoding=\"async\" width=\"150\" height=\"150\" src=\"http:\/\/musik.express\/wp-content\/uploads\/2011\/05\/Wessels-und-M\u00fcller-150x150.jpg\" class=\"attachment-thumbnail size-thumbnail\" alt=\"\" \/><\/a>\n\t\t\t<\/dt><\/dl><dl class='gallery-item'>\n\t\t\t<dt class='gallery-icon landscape'>\n\t\t\t\t<a href='http:\/\/musik.express\/wp-content\/uploads\/2011\/05\/A-C-K.jpg'><img loading=\"lazy\" decoding=\"async\" width=\"150\" height=\"150\" src=\"http:\/\/musik.express\/wp-content\/uploads\/2011\/05\/A-C-K-150x150.jpg\" class=\"attachment-thumbnail size-thumbnail\" alt=\"\" \/><\/a>\n\t\t\t<\/dt><\/dl><dl class='gallery-item'>\n\t\t\t<dt class='gallery-icon landscape'>\n\t\t\t\t<a href='http:\/\/musik.express\/wp-content\/uploads\/2011\/05\/Freiwillige-Feuerwehr-OS-Stadtmitte.jpg'><img loading=\"lazy\" decoding=\"async\" width=\"150\" height=\"150\" src=\"http:\/\/musik.express\/wp-content\/uploads\/2011\/05\/Freiwillige-Feuerwehr-OS-Stadtmitte-150x150.jpg\" class=\"attachment-thumbnail size-thumbnail\" alt=\"\" \/><\/a>\n\t\t\t<\/dt><\/dl><br style=\"clear: both\" \/><dl class='gallery-item'>\n\t\t\t<dt class='gallery-icon landscape'>\n\t\t\t\t<a href='http:\/\/musik.express\/wp-content\/uploads\/2011\/05\/B\u00fcrgerstiftung-Osnabr\u00fcck.jpg'><img loading=\"lazy\" decoding=\"async\" width=\"150\" height=\"150\" src=\"http:\/\/musik.express\/wp-content\/uploads\/2011\/05\/B\u00fcrgerstiftung-Osnabr\u00fcck-150x150.jpg\" class=\"attachment-thumbnail size-thumbnail\" alt=\"\" \/><\/a>\n\t\t\t<\/dt><\/dl><dl class='gallery-item'>\n\t\t\t<dt class='gallery-icon landscape'>\n\t\t\t\t<a href='http:\/\/musik.express\/wp-content\/uploads\/2011\/05\/Claudia-v.-Buckow.jpg'><img loading=\"lazy\" decoding=\"async\" width=\"150\" height=\"150\" src=\"http:\/\/musik.express\/wp-content\/uploads\/2011\/05\/Claudia-v.-Buckow-150x150.jpg\" class=\"attachment-thumbnail size-thumbnail\" alt=\"\" \/><\/a>\n\t\t\t<\/dt><\/dl><dl class='gallery-item'>\n\t\t\t<dt class='gallery-icon landscape'>\n\t\t\t\t<a href='http:\/\/musik.express\/wp-content\/uploads\/2011\/05\/Fam.-Knuth.jpg'><img loading=\"lazy\" decoding=\"async\" width=\"150\" height=\"150\" src=\"http:\/\/musik.express\/wp-content\/uploads\/2011\/05\/Fam.-Knuth-150x150.jpg\" class=\"attachment-thumbnail size-thumbnail\" alt=\"\" \/><\/a>\n\t\t\t<\/dt><\/dl><br style=\"clear: both\" \/><dl class='gallery-item'>\n\t\t\t<dt class='gallery-icon landscape'>\n\t\t\t\t<a href='http:\/\/musik.express\/wp-content\/uploads\/2011\/05\/Karsten-Kr\u00e4utners-K\u00fcnstler-Kontakte.jpg'><img loading=\"lazy\" decoding=\"async\" width=\"150\" height=\"150\" src=\"http:\/\/musik.express\/wp-content\/uploads\/2011\/05\/Karsten-Kr\u00e4utners-K\u00fcnstler-Kontakte-150x150.jpg\" class=\"attachment-thumbnail size-thumbnail\" alt=\"\" \/><\/a>\n\t\t\t<\/dt><\/dl><dl class='gallery-item'>\n\t\t\t<dt class='gallery-icon landscape'>\n\t\t\t\t<a href='http:\/\/musik.express\/wp-content\/uploads\/2011\/05\/buergerst.png'><img loading=\"lazy\" decoding=\"async\" width=\"150\" height=\"150\" src=\"http:\/\/musik.express\/wp-content\/uploads\/2011\/05\/buergerst-150x150.png\" class=\"attachment-thumbnail size-thumbnail\" alt=\"\" \/><\/a>\n\t\t\t<\/dt><\/dl><dl class='gallery-item'>\n\t\t\t<dt class='gallery-icon landscape'>\n\t\t\t\t<a href='http:\/\/musik.express\/wp-content\/uploads\/2011\/05\/Rudi.jpg'><img loading=\"lazy\" decoding=\"async\" width=\"150\" height=\"150\" src=\"http:\/\/musik.express\/wp-content\/uploads\/2011\/05\/Rudi-150x150.jpg\" class=\"attachment-thumbnail size-thumbnail\" alt=\"\" \/><\/a>\n\t\t\t<\/dt><\/dl><br style=\"clear: both\" \/><dl class='gallery-item'>\n\t\t\t<dt class='gallery-icon landscape'>\n\t\t\t\t<a href='http:\/\/musik.express\/wp-content\/uploads\/2011\/05\/Koch-International.jpg'><img loading=\"lazy\" decoding=\"async\" width=\"150\" height=\"150\" src=\"http:\/\/musik.express\/wp-content\/uploads\/2011\/05\/Koch-International-150x150.jpg\" class=\"attachment-thumbnail size-thumbnail\" alt=\"\" \/><\/a>\n\t\t\t<\/dt><\/dl><dl class='gallery-item'>\n\t\t\t<dt class='gallery-icon landscape'>\n\t\t\t\t<a href='http:\/\/musik.express\/wp-content\/uploads\/2011\/05\/I.-Wolff.jpg'><img loading=\"lazy\" decoding=\"async\" width=\"150\" height=\"150\" src=\"http:\/\/musik.express\/wp-content\/uploads\/2011\/05\/I.-Wolff-150x150.jpg\" class=\"attachment-thumbnail size-thumbnail\" alt=\"\" \/><\/a>\n\t\t\t<\/dt><\/dl><dl class='gallery-item'>\n\t\t\t<dt class='gallery-icon landscape'>\n\t\t\t\t<a href='http:\/\/musik.express\/wp-content\/uploads\/2011\/05\/VGH.jpg'><img loading=\"lazy\" decoding=\"async\" width=\"150\" height=\"150\" src=\"http:\/\/musik.express\/wp-content\/uploads\/2011\/05\/VGH-150x150.jpg\" class=\"attachment-thumbnail size-thumbnail\" alt=\"\" \/><\/a>\n\t\t\t<\/dt><\/dl><br style=\"clear: both\" \/><dl class='gallery-item'>\n\t\t\t<dt class='gallery-icon landscape'>\n\t\t\t\t<a href='http:\/\/musik.express\/wp-content\/uploads\/2011\/05\/Ernst-Weber-Stiftung.jpg'><img loading=\"lazy\" decoding=\"async\" width=\"150\" height=\"150\" src=\"http:\/\/musik.express\/wp-content\/uploads\/2011\/05\/Ernst-Weber-Stiftung-150x150.jpg\" class=\"attachment-thumbnail size-thumbnail\" alt=\"\" \/><\/a>\n\t\t\t<\/dt><\/dl><dl class='gallery-item'>\n\t\t\t<dt class='gallery-icon landscape'>\n\t\t\t\t<a href='http:\/\/musik.express\/wp-content\/uploads\/2011\/05\/Paul-Isabel-Brigitte-B.jpg'><img loading=\"lazy\" decoding=\"async\" width=\"150\" height=\"150\" src=\"http:\/\/musik.express\/wp-content\/uploads\/2011\/05\/Paul-Isabel-Brigitte-B-150x150.jpg\" class=\"attachment-thumbnail size-thumbnail\" alt=\"\" \/><\/a>\n\t\t\t<\/dt><\/dl><dl class='gallery-item'>\n\t\t\t<dt class='gallery-icon landscape'>\n\t\t\t\t<a href='http:\/\/musik.express\/wp-content\/uploads\/2011\/05\/Gerdi.jpg'><img loading=\"lazy\" decoding=\"async\" width=\"150\" height=\"150\" src=\"http:\/\/musik.express\/wp-content\/uploads\/2011\/05\/Gerdi-150x150.jpg\" class=\"attachment-thumbnail size-thumbnail\" alt=\"\" \/><\/a>\n\t\t\t<\/dt><\/dl><br style=\"clear: both\" \/><dl class='gallery-item'>\n\t\t\t<dt class='gallery-icon landscape'>\n\t\t\t\t<a href='http:\/\/musik.express\/wp-content\/uploads\/2011\/05\/Augen\u00e4rzte-Dr.-Rehers-Dr.-Bachmann.jpg'><img loading=\"lazy\" decoding=\"async\" width=\"150\" height=\"150\" src=\"http:\/\/musik.express\/wp-content\/uploads\/2011\/05\/Augen\u00e4rzte-Dr.-Rehers-Dr.-Bachmann-150x150.jpg\" class=\"attachment-thumbnail size-thumbnail\" alt=\"\" \/><\/a>\n\t\t\t<\/dt><\/dl><dl class='gallery-item'>\n\t\t\t<dt class='gallery-icon landscape'>\n\t\t\t\t<a href='http:\/\/musik.express\/wp-content\/uploads\/2011\/05\/Vogelsang-2.jpg'><img loading=\"lazy\" decoding=\"async\" width=\"150\" height=\"150\" src=\"http:\/\/musik.express\/wp-content\/uploads\/2011\/05\/Vogelsang-2-150x150.jpg\" class=\"attachment-thumbnail size-thumbnail\" alt=\"\" \/><\/a>\n\t\t\t<\/dt><\/dl><dl class='gallery-item'>\n\t\t\t<dt class='gallery-icon landscape'>\n\t\t\t\t<a href='http:\/\/musik.express\/wp-content\/uploads\/2011\/05\/Wagener-G.jpg'><img loading=\"lazy\" decoding=\"async\" width=\"150\" height=\"150\" src=\"http:\/\/musik.express\/wp-content\/uploads\/2011\/05\/Wagener-G-150x150.jpg\" class=\"attachment-thumbnail size-thumbnail\" alt=\"\" \/><\/a>\n\t\t\t<\/dt><\/dl><br style=\"clear: both\" \/><dl class='gallery-item'>\n\t\t\t<dt class='gallery-icon landscape'>\n\t\t\t\t<a href='http:\/\/musik.express\/wp-content\/uploads\/2011\/05\/Anwaltskanzlei-Schmidt-Laute.jpg'><img loading=\"lazy\" decoding=\"async\" width=\"150\" height=\"150\" src=\"http:\/\/musik.express\/wp-content\/uploads\/2011\/05\/Anwaltskanzlei-Schmidt-Laute-150x150.jpg\" class=\"attachment-thumbnail size-thumbnail\" alt=\"\" \/><\/a>\n\t\t\t<\/dt><\/dl><dl class='gallery-item'>\n\t\t\t<dt class='gallery-icon landscape'>\n\t\t\t\t<a href='http:\/\/musik.express\/wp-content\/uploads\/2011\/05\/osnabrueck.png'><img loading=\"lazy\" decoding=\"async\" width=\"150\" height=\"58\" src=\"http:\/\/musik.express\/wp-content\/uploads\/2011\/05\/osnabrueck-150x58.png\" class=\"attachment-thumbnail size-thumbnail\" alt=\"\" \/><\/a>\n\t\t\t<\/dt><\/dl><dl class='gallery-item'>\n\t\t\t<dt class='gallery-icon landscape'>\n\t\t\t\t<a href='http:\/\/musik.express\/wp-content\/uploads\/2011\/05\/Elena.jpg'><img loading=\"lazy\" decoding=\"async\" width=\"150\" height=\"150\" src=\"http:\/\/musik.express\/wp-content\/uploads\/2011\/05\/Elena-150x150.jpg\" class=\"attachment-thumbnail size-thumbnail\" alt=\"\" \/><\/a>\n\t\t\t<\/dt><\/dl><br style=\"clear: both\" \/><dl class='gallery-item'>\n\t\t\t<dt class='gallery-icon landscape'>\n\t\t\t\t<a href='http:\/\/musik.express\/wp-content\/uploads\/2011\/05\/E.-H.jpg'><img loading=\"lazy\" decoding=\"async\" width=\"150\" height=\"150\" src=\"http:\/\/musik.express\/wp-content\/uploads\/2011\/05\/E.-H-150x150.jpg\" class=\"attachment-thumbnail size-thumbnail\" alt=\"\" \/><\/a>\n\t\t\t<\/dt><\/dl>\n\t\t\t<br style='clear: both' \/>\n\t\t<\/div>\n","protected":false},"excerpt":{"rendered":"<p>Das Projekt f\u00fcr von der Stadt Osnabr\u00fcck im Rahmen einer Projektf\u00f6rderung unterst\u00fctzt. Das Spendenkonto wird von der B\u00fcrgerstiftung Osnabr\u00fcck verwaltet. In den beiden Bildern sind Logos oder Namen von Sponsoren und F\u00f6rderern des Projektes zu finden:<\/p>\n","protected":false},"author":2,"featured_media":0,"parent":0,"menu_order":0,"comment_status":"open","ping_status":"open","template":"","meta":{"footnotes":""},"class_list":["post-24","page","type-page","status-publish","hentry"],"_links":{"self":[{"href":"http:\/\/musik.express\/index.php?rest_route=\/wp\/v2\/pages\/24","targetHints":{"allow":["GET"]}}],"collection":[{"href":"http:\/\/musik.express\/index.php?rest_route=\/wp\/v2\/pages"}],"about":[{"href":"http:\/\/musik.express\/index.php?rest_route=\/wp\/v2\/types\/page"}],"author":[{"embeddable":true,"href":"http:\/\/musik.express\/index.php?rest_route=\/wp\/v2\/users\/2"}],"replies":[{"embeddable":true,"href":"http:\/\/musik.express\/index.php?rest_route=%2Fwp%2Fv2%2Fcomments&post=24"}],"version-history":[{"count":5,"href":"http:\/\/musik.express\/index.php?rest_route=\/wp\/v2\/pages\/24\/revisions"}],"predecessor-version":[{"id":311,"href":"http:\/\/musik.express\/index.php?rest_route=\/wp\/v2\/pages\/24\/revisions\/311"}],"wp:attachment":[{"href":"http:\/\/musik.express\/index.php?rest_route=%2Fwp%2Fv2%2Fmedia&parent=24"}],"curies":[{"name":"wp","href":"https:\/\/api.w.org\/{rel}","templated":true}]}}