{"id":138,"date":"2011-07-17T17:18:34","date_gmt":"2011-07-17T15:18:34","guid":{"rendered":"http:\/\/musik.express\/?page_id=138"},"modified":"2022-05-15T14:55:07","modified_gmt":"2022-05-15T12:55:07","slug":"interessante-links","status":"publish","type":"page","link":"http:\/\/musik.express\/?page_id=138","title":{"rendered":"Interessante Links"},"content":{"rendered":"<ul>\n \t<li><a title=\"Pantomime Manfred Pomorin\" href=\"http:\/\/www.panto-mime.de\/\" target=\"_blank\" rel=\"noopener\">Pantomime Manfred Pomorin<\/a><\/li>\n \t<li><a title=\"Das W\u00dcSTENWIND-Magazin\" href=\"http:\/\/www.wuestenwind-magazin.de\" target=\"_blank\" rel=\"noopener\">Das W\u00dcSTENWIND-Magazin<\/a>, die neue Stadtteilzeitschrift f\u00fcr Osnabr\u00fcck-W\u00fcste<\/li>\n \t<li>Die Seite der K\u00fcnstlerin <a href=\"http:\/\/www.Angelika-Walter.de\">Angelika Walter<\/a><\/li>\n \t<li>Der Youtube-Kanal <a href=\"https:\/\/www.youtube.com\/channel\/UC88tTDwafhqZU_zCVQ1cJAA\">Angelika Walter &#8211; Digitales Atelier<\/a><\/li>\n \t<li>Die Website der <a href=\"https:\/\/blickfaenger.eu\/\">Blickf\u00e4nger Filmproduktion<\/a><\/li>\n<\/ul>","protected":false},"excerpt":{"rendered":"<p>Pantomime Manfred Pomorin Das W\u00dcSTENWIND-Magazin, die neue Stadtteilzeitschrift f\u00fcr Osnabr\u00fcck-W\u00fcste Die Seite der K\u00fcnstlerin Angelika Walter Der Youtube-Kanal Angelika Walter &#8211; Digitales Atelier Die Website der Blickf\u00e4nger Filmproduktion<\/p>\n","protected":false},"author":2,"featured_media":0,"parent":0,"menu_order":0,"comment_status":"open","ping_status":"open","template":"","meta":{"footnotes":""},"class_list":["post-138","page","type-page","status-publish","hentry"],"_links":{"self":[{"href":"http:\/\/musik.express\/index.php?rest_route=\/wp\/v2\/pages\/138","targetHints":{"allow":["GET"]}}],"collection":[{"href":"http:\/\/musik.express\/index.php?rest_route=\/wp\/v2\/pages"}],"about":[{"href":"http:\/\/musik.express\/index.php?rest_route=\/wp\/v2\/types\/page"}],"author":[{"embeddable":true,"href":"http:\/\/musik.express\/index.php?rest_route=\/wp\/v2\/users\/2"}],"replies":[{"embeddable":true,"href":"http:\/\/musik.express\/index.php?rest_route=%2Fwp%2Fv2%2Fcomments&post=138"}],"version-history":[{"count":9,"href":"http:\/\/musik.express\/index.php?rest_route=\/wp\/v2\/pages\/138\/revisions"}],"predecessor-version":[{"id":966,"href":"http:\/\/musik.express\/index.php?rest_route=\/wp\/v2\/pages\/138\/revisions\/966"}],"wp:attachment":[{"href":"http:\/\/musik.express\/index.php?rest_route=%2Fwp%2Fv2%2Fmedia&parent=138"}],"curies":[{"name":"wp","href":"https:\/\/api.w.org\/{rel}","templated":true}]}}